{"id":2143,"date":"2024-03-28T07:29:44","date_gmt":"2024-03-28T06:29:44","guid":{"rendered":"https:\/\/mpsychologue.com\/?page_id=2143"},"modified":"2024-04-27T17:57:17","modified_gmt":"2024-04-27T15:57:17","slug":"therapie-dadulte","status":"publish","type":"page","link":"https:\/\/mpsychologue.com\/index.php\/therapie-dadulte\/","title":{"rendered":"Th\u00e9rapie d&rsquo;Adulte"},"content":{"rendered":"<p><div class=\"fusion-fullwidth fullwidth-box fusion-builder-row-1 fusion-flex-container has-pattern-background has-mask-background nonhundred-percent-fullwidth non-hundred-percent-height-scrolling\" style=\"--awb-border-radius-top-left:0px;--awb-border-radius-top-right:0px;--awb-border-radius-bottom-right:0px;--awb-border-radius-bottom-left:0px;--awb-flex-wrap:wrap;\" ><div class=\"fusion-builder-row fusion-row fusion-flex-align-items-flex-start fusion-flex-content-wrap\" style=\"max-width:1365px;margin-left: calc(-5% \/ 2 );margin-right: calc(-5% \/ 2 );\"><div class=\"fusion-layout-column fusion_builder_column fusion-builder-column-0 fusion_builder_column_1_1 1_1 fusion-flex-column\" style=\"--awb-bg-size:cover;--awb-width-large:100%;--awb-margin-top-large:0px;--awb-spacing-right-large:2.375%;--awb-margin-bottom-large:20px;--awb-spacing-left-large:2.375%;--awb-width-medium:100%;--awb-order-medium:0;--awb-spacing-right-medium:2.375%;--awb-spacing-left-medium:2.375%;--awb-width-small:100%;--awb-order-small:0;--awb-spacing-right-small:2.375%;--awb-spacing-left-small:2.375%;\"><div class=\"fusion-column-wrapper fusion-column-has-shadow fusion-flex-justify-content-flex-start fusion-content-layout-column\"><div class=\"fusion-image-element \" style=\"--awb-bottom-shadow-color:hsla(var(--awb-color4-h),var(--awb-color4-s),calc(var(--awb-color4-l) - 89%),var(--awb-color4-a));--awb-aspect-ratio:3 \/ 1;--awb-caption-title-font-family:var(--h2_typography-font-family);--awb-caption-title-font-weight:var(--h2_typography-font-weight);--awb-caption-title-font-style:var(--h2_typography-font-style);--awb-caption-title-size:var(--h2_typography-font-size);--awb-caption-title-transform:var(--h2_typography-text-transform);--awb-caption-title-line-height:var(--h2_typography-line-height);--awb-caption-title-letter-spacing:var(--h2_typography-letter-spacing);\"><div class=\"awb-image-frame awb-image-frame-1 awb-bottomshadow\"><span class=\" fusion-imageframe imageframe-bottomshadow imageframe-1 hover-type-none has-aspect-ratio\"><img decoding=\"async\" width=\"2560\" height=\"1709\" title=\"femme (1)\" src=\"https:\/\/mpsychologue.com\/wp-content\/uploads\/2024\/03\/femme-1-scaled.jpeg\" data-orig-src=\"https:\/\/mpsychologue.com\/wp-content\/uploads\/2024\/03\/femme-1-scaled.jpeg\" class=\"lazyload img-responsive wp-image-2038 img-with-aspect-ratio\" data-parent-fit=\"cover\" data-parent-container=\".fusion-image-element\" alt srcset=\"data:image\/svg+xml,%3Csvg%20xmlns%3D%27http%3A%2F%2Fwww.w3.org%2F2000%2Fsvg%27%20width%3D%272560%27%20height%3D%271709%27%20viewBox%3D%270%200%202560%201709%27%3E%3Crect%20width%3D%272560%27%20height%3D%271709%27%20fill-opacity%3D%220%22%2F%3E%3C%2Fsvg%3E\" data-srcset=\"https:\/\/mpsychologue.com\/wp-content\/uploads\/2024\/03\/femme-1-200x133.jpeg 200w, https:\/\/mpsychologue.com\/wp-content\/uploads\/2024\/03\/femme-1-400x267.jpeg 400w, https:\/\/mpsychologue.com\/wp-content\/uploads\/2024\/03\/femme-1-600x400.jpeg 600w, https:\/\/mpsychologue.com\/wp-content\/uploads\/2024\/03\/femme-1-800x534.jpeg 800w, https:\/\/mpsychologue.com\/wp-content\/uploads\/2024\/03\/femme-1-1200x801.jpeg 1200w, https:\/\/mpsychologue.com\/wp-content\/uploads\/2024\/03\/femme-1-scaled.jpeg 2560w\" data-sizes=\"auto\" data-orig-sizes=\"(max-width: 700px) 100vw, 2560px\" \/><\/span><svg xmlns=\"http:\/\/www.w3.org\/2000\/svg\" version=\"1.1\" width=\"100%\" viewBox=\"0 0 600 28\" preserveAspectRatio=\"none\"><g clip-path=\"url(#a)\"><mask id=\"b\" style=\"mask-type:luminance\" maskUnits=\"userSpaceOnUse\" x=\"0\" y=\"0\" width=\"600\" height=\"28\"><path d=\"M0 0h600v28H0V0Z\" fill=\"#fff\"\/><\/mask><g filter=\"url(#c)\" mask=\"url(#b)\"><path d=\"M16.439-18.667h567.123v30.8S438.961-8.4 300-8.4C161.04-8.4 16.438 12.133 16.438 12.133v-30.8Z\" fill=\"#000\"\/><\/g><\/g><defs><clipPath id=\"a\"><path fill=\"#fff\" d=\"M0 0h600v28H0z\"\/><\/clipPath><filter id=\"c\" x=\"5.438\" y=\"-29.667\" width=\"589.123\" height=\"52.8\" filterUnits=\"userSpaceOnUse\" color-interpolation-filters=\"sRGB\"><feFlood flood-opacity=\"0\" result=\"BackgroundImageFix\"\/><feBlend in=\"SourceGraphic\" in2=\"BackgroundImageFix\" result=\"shape\"\/><feGaussianBlur stdDeviation=\"5.5\" result=\"effect1_foregroundBlur_3983_183\"\/><\/filter><\/defs><\/svg><\/div><\/div><\/div><\/div><div class=\"fusion-layout-column fusion_builder_column fusion-builder-column-1 fusion_builder_column_1_1 1_1 fusion-flex-column\" style=\"--awb-bg-size:cover;--awb-width-large:100%;--awb-margin-top-large:0px;--awb-spacing-right-large:2.375%;--awb-margin-bottom-large:20px;--awb-spacing-left-large:2.375%;--awb-width-medium:100%;--awb-order-medium:0;--awb-spacing-right-medium:2.375%;--awb-spacing-left-medium:2.375%;--awb-width-small:100%;--awb-order-small:0;--awb-spacing-right-small:2.375%;--awb-spacing-left-small:2.375%;\"><div class=\"fusion-column-wrapper fusion-column-has-shadow fusion-flex-justify-content-flex-start fusion-content-layout-column\"><div class=\"fusion-title title fusion-title-1 fusion-sep-none fusion-title-center fusion-title-text fusion-title-size-one\" style=\"--awb-text-color:var(--awb-custom_color_2);--awb-margin-top-small:10px;--awb-margin-right-small:0px;--awb-margin-bottom-small:10px;--awb-margin-left-small:0px;\"><h1 class=\"fusion-title-heading title-heading-center fusion-responsive-typography-calculated\" style=\"margin:0;--fontSize:64;line-height:var(--awb-typography1-line-height);\"><span style=\"font-family: 'Cormorant Garamond'; font-weight: 500;\" data-fusion-font=\"true\" data-fusion-google-font=\"Cormorant Garamond\" data-fusion-google-variant=\"500\">Th\u00e9rapie d&rsquo;adulte<\/span><\/h1><\/div><div class=\"fusion-text fusion-text-1\"><p style=\"text-align: center; font-family: 'Cormorant Garamond'; font-weight: 400; font-size: 24px;\" data-fusion-font=\"true\" data-fusion-google-font=\"Cormorant Garamond\" data-fusion-google-variant=\"400\">Explorez votre parcours personnel vers le bien-\u00eatre<\/p>\n<\/div><\/div><\/div><div class=\"fusion-layout-column fusion_builder_column fusion-builder-column-2 fusion_builder_column_1_1 1_1 fusion-flex-column fusion-no-medium-visibility fusion-no-large-visibility\" style=\"--awb-bg-size:cover;--awb-width-large:100%;--awb-margin-top-large:0px;--awb-spacing-right-large:2.375%;--awb-margin-bottom-large:20px;--awb-spacing-left-large:2.375%;--awb-width-medium:100%;--awb-order-medium:0;--awb-spacing-right-medium:2.375%;--awb-spacing-left-medium:2.375%;--awb-width-small:100%;--awb-order-small:0;--awb-spacing-right-small:2.375%;--awb-spacing-left-small:2.375%;\" data-scroll-devices=\"small-visibility,medium-visibility,large-visibility\"><div class=\"fusion-column-wrapper fusion-column-has-shadow fusion-flex-justify-content-flex-start fusion-content-layout-column\"><\/div><\/div><\/div><\/div><div class=\"fusion-fullwidth fullwidth-box fusion-builder-row-2 fusion-flex-container has-pattern-background has-mask-background nonhundred-percent-fullwidth non-hundred-percent-height-scrolling\" style=\"--awb-border-radius-top-left:0px;--awb-border-radius-top-right:0px;--awb-border-radius-bottom-right:0px;--awb-border-radius-bottom-left:0px;--awb-flex-wrap:wrap;\" ><div class=\"fusion-builder-row fusion-row fusion-flex-align-items-flex-start fusion-flex-content-wrap\" style=\"max-width:1365px;margin-left: calc(-5% \/ 2 );margin-right: calc(-5% \/ 2 );\"><div class=\"fusion-layout-column fusion_builder_column fusion-builder-column-3 fusion_builder_column_1_1 1_1 fusion-flex-column\" style=\"--awb-bg-size:cover;--awb-width-large:100%;--awb-margin-top-large:0px;--awb-spacing-right-large:2.375%;--awb-margin-bottom-large:20px;--awb-spacing-left-large:2.375%;--awb-width-medium:100%;--awb-order-medium:0;--awb-spacing-right-medium:2.375%;--awb-spacing-left-medium:2.375%;--awb-width-small:100%;--awb-order-small:0;--awb-spacing-right-small:2.375%;--awb-spacing-left-small:2.375%;\" data-scroll-devices=\"small-visibility,medium-visibility,large-visibility\"><div class=\"fusion-column-wrapper fusion-column-has-shadow fusion-flex-justify-content-flex-start fusion-content-layout-column\"><div class=\"fusion-text fusion-text-2 sm-text-align-left awb-text-cols fusion-text-columns-3 fusion-no-small-visibility fusion-text-no-margin\" style=\"--awb-font-size:18px;--awb-line-height:1.72em;--awb-letter-spacing:var(--awb-typography4-letter-spacing);--awb-text-transform:var(--awb-typography4-text-transform);--awb-text-color:#19052e;--awb-columns:3;--awb-column-spacing:60px;--awb-column-min-width:100px;--awb-rule-style:1px solid #e1f5e3;--awb-margin-top:20px;--awb-margin-right:20px;--awb-margin-bottom:20px;--awb-margin-left:20px;--awb-text-font-family:&quot;Cardo&quot;;--awb-text-font-style:normal;--awb-text-font-weight:400;\"><p><span style=\"color: var(--awb-color8); font-family: var(--awb-text-font-family); font-size: var(--awb-font-size); font-style: var(--awb-text-font-style); font-weight: var(--awb-text-font-weight); letter-spacing: var(--awb-letter-spacing); text-align: var(--awb-content-alignment); text-transform: var(--awb-text-transform); background-color: var(--awb-bg-color-hover);\"><span style=\"font-size: 50px; font-family: 'Cormorant Garamond'; font-weight: 400; color: var(--awb-custom10);\" data-fusion-font=\"true\" data-fusion-google-font=\"Cormorant Garamond\" data-fusion-google-variant=\"400\">L<\/span><span style=\"font-family: 'Cormorant Garamond'; font-weight: 400; font-size: 21px; color: var(--awb-custom_color_2);\" data-fusion-font=\"true\" data-fusion-google-font=\"Cormorant Garamond\" data-fusion-google-variant=\"400\">a th\u00e9rapie d&rsquo;adulte, un domaine \u00e9mergent en psychologie, offre un espace de transformation et de croissance pour les individus confront\u00e9s aux d\u00e9fis de la vie adulte. Alors que de nombreux st\u00e9r\u00e9otypes sociaux sugg\u00e8rent que seuls les jeunes sont sujets \u00e0 des troubles mentaux ou \u00e0 des difficult\u00e9s \u00e9motionnelles, la r\u00e9alit\u00e9 est que les adultes sont tout autant vuln\u00e9rables aux stress, aux traumas et aux transitions de vie.<\/span><\/span><\/p>\n<h3 style=\"font-size: 21px; --fontSize: 22; line-height: 1.2; --minFontSize: 22; font-family: 'Cormorant Garamond'; color: var(--awb-custom_color_2);\" data-fusion-font=\"true\" data-fontsize=\"22\" data-lineheight=\"26.4px\" class=\"fusion-responsive-typography-calculated\" data-fusion-google-font=\"Cormorant Garamond\" data-fusion-google-variant=\"400\">Comprendre la Th\u00e9rapie d&rsquo;Adulte<\/h3>\n<p style=\"font-family: 'Cormorant Garamond'; font-weight: 400; font-size: 21px; color: var(--awb-custom_color_2);\" data-fusion-font=\"true\" data-fusion-google-font=\"Cormorant Garamond\" data-fusion-google-variant=\"400\">La th\u00e9rapie d&rsquo;adulte se concentre sur les besoins sp\u00e9cifiques des individus \u00e0 diff\u00e9rentes \u00e9tapes de leur vie adulte, que ce soit dans leur carri\u00e8re, leurs relations, leur identit\u00e9, ou leur sant\u00e9 mentale. Contrairement aux approches plus g\u00e9n\u00e9rales de la psychoth\u00e9rapie, la th\u00e9rapie d&rsquo;adulte reconna\u00eet et s&rsquo;adapte aux r\u00e9alit\u00e9s complexes de la vie adulte, tenant compte des responsabilit\u00e9s professionnelles, familiales et sociales qui influencent le bien-\u00eatre \u00e9motionnel.<\/p>\n<h3 style=\"font-size: 21px; --fontSize: 22; line-height: 1.2; --minFontSize: 22; font-family: 'Cormorant Garamond'; color: var(--awb-custom_color_2);\" data-fusion-font=\"true\" data-fontsize=\"22\" data-lineheight=\"26.4px\" class=\"fusion-responsive-typography-calculated\" data-fusion-google-font=\"Cormorant Garamond\" data-fusion-google-variant=\"400\">Les D\u00e9fis Rencontr\u00e9s par les Adultes<\/h3>\n<p style=\"font-family: 'Cormorant Garamond'; font-weight: 400; font-size: 21px; color: var(--awb-custom_color_2);\" data-fusion-font=\"true\" data-fusion-google-font=\"Cormorant Garamond\" data-fusion-google-variant=\"400\">Les adultes peuvent faire face \u00e0 une multitude de d\u00e9fis qui n\u00e9cessitent souvent un soutien professionnel pour surmonter. Des probl\u00e8mes tels que le stress professionnel, les conflits relationnels, les transitions de carri\u00e8re, la gestion du temps, la parentalit\u00e9, le deuil, la perte de sens ou les questions existentielles peuvent peser lourdement sur le bien-\u00eatre psychologique d&rsquo;un individu.<\/p>\n<h3 style=\"font-size: 21px; --fontSize: 22; line-height: 1.2; --minFontSize: 22; font-family: 'Cormorant Garamond'; color: var(--awb-custom_color_2);\" data-fusion-font=\"true\" data-fontsize=\"22\" data-lineheight=\"26.4px\" class=\"fusion-responsive-typography-calculated\" data-fusion-google-font=\"Cormorant Garamond\" data-fusion-google-variant=\"400\">L&rsquo;Approche Th\u00e9rapeutique<\/h3>\n<p style=\"font-family: 'Cormorant Garamond'; font-weight: 400; font-size: 21px; color: var(--awb-custom_color_2);\" data-fusion-font=\"true\" data-fusion-google-font=\"Cormorant Garamond\" data-fusion-google-variant=\"400\">La th\u00e9rapie d&rsquo;adulte utilise une gamme de modalit\u00e9s th\u00e9rapeutiques adapt\u00e9es aux besoins sp\u00e9cifiques des adultes. Cela peut inclure la th\u00e9rapie cognitivo-comportementale pour traiter les sch\u00e9mas de pens\u00e9e n\u00e9gatifs, la th\u00e9rapie de groupe pour favoriser le soutien social et la connexion, la th\u00e9rapie de couple pour am\u00e9liorer les relations, ou la th\u00e9rapie ax\u00e9e sur la pleine conscience pour cultiver la r\u00e9silience \u00e9motionnelle.<\/p>\n<h3 style=\"font-size: 21px; --fontSize: 22; line-height: 1.2; --minFontSize: 22; font-family: 'Cormorant Garamond'; color: var(--awb-custom_color_2);\" data-fusion-font=\"true\" data-fontsize=\"22\" data-lineheight=\"26.4px\" class=\"fusion-responsive-typography-calculated\" data-fusion-google-font=\"Cormorant Garamond\" data-fusion-google-variant=\"400\">Les Avantages de la Th\u00e9rapie d&rsquo;Adulte<\/h3>\n<p style=\"font-family: 'Cormorant Garamond'; font-weight: 400; font-size: 21px; color: var(--awb-custom_color_2);\" data-fusion-font=\"true\" data-fusion-google-font=\"Cormorant Garamond\" data-fusion-google-variant=\"400\">L&rsquo;engagement dans la th\u00e9rapie d&rsquo;adulte offre de nombreux avantages, notamment une meilleure compr\u00e9hension de soi, des comp\u00e9tences de gestion du stress am\u00e9lior\u00e9es, une r\u00e9solution de conflits plus efficace, des relations plus saines, une augmentation de l&rsquo;estime de soi et une plus grande satisfaction dans la vie. En fournissant un espace s\u00e9curis\u00e9 pour explorer les d\u00e9fis et les aspirations de l&rsquo;\u00e2ge adulte, la th\u00e9rapie d&rsquo;adulte favorise le d\u00e9veloppement personnel et la r\u00e9alisation de son plein potentiel.<\/p>\n<h3 style=\"font-size: 21px; --fontSize: 22; line-height: 1.2; --minFontSize: 22; font-family: 'Cormorant Garamond'; color: var(--awb-custom_color_2);\" data-fusion-font=\"true\" data-fontsize=\"22\" data-lineheight=\"26.4px\" class=\"fusion-responsive-typography-calculated\" data-fusion-google-font=\"Cormorant Garamond\" data-fusion-google-variant=\"400\">Conclusion<\/h3>\n<p style=\"color: var(--awb-color8);\"><span style=\"font-family: 'Cormorant Garamond'; font-weight: 400; font-size: 21px; color: var(--awb-custom_color_2);\" data-fusion-font=\"true\" data-fusion-google-font=\"Cormorant Garamond\" data-fusion-google-variant=\"400\">La th\u00e9rapie d&rsquo;adulte repr\u00e9sente une ressource pr\u00e9cieuse pour ceux qui cherchent \u00e0 surmonter les d\u00e9fis de la vie adulte et \u00e0 cultiver un bien-\u00eatre \u00e9motionnel durable. En offrant un soutien professionnel et un accompagnement personnalis\u00e9, cette forme de th\u00e9rapie ouvre la voie \u00e0 une croissance personnelle significative, permettant aux individus de naviguer avec confiance les complexit\u00e9s de l&rsquo;\u00e2ge adulte. Si vous vous trouvez confront\u00e9 \u00e0 des difficult\u00e9s dans votre vie adulte, envisagez de consulter un th\u00e9rapeute d&rsquo;adulte qualifi\u00e9 pour vous aider \u00e0 trouver des solutions et \u00e0 r\u00e9aliser votre plein potent<\/span><span data-fusion-font=\"true\" data-fusion-google-font=\"Cormorant Garamond\" data-fusion-google-variant=\"400\" style=\"font-family: 'Cormorant Garamond'; font-weight: 400; font-size: 21px; color: var(--awb-custom_color_2);\">iel.<\/span><\/p>\n<\/div><div class=\"fusion-text fusion-text-3 sm-text-align-left fusion-no-medium-visibility fusion-no-large-visibility fusion-text-no-margin\" style=\"--awb-font-size:18px;--awb-line-height:1.72em;--awb-letter-spacing:var(--awb-typography4-letter-spacing);--awb-text-transform:var(--awb-typography4-text-transform);--awb-text-color:#19052e;--awb-margin-top:20px;--awb-margin-right:20px;--awb-margin-bottom:20px;--awb-margin-left:20px;--awb-text-font-family:&quot;Cardo&quot;;--awb-text-font-style:normal;--awb-text-font-weight:400;\"><p><span style=\"color: var(--awb-color8); font-family: var(--awb-text-font-family); font-size: var(--awb-font-size); font-style: var(--awb-text-font-style); font-weight: var(--awb-text-font-weight); letter-spacing: var(--awb-letter-spacing); text-align: var(--awb-content-alignment); text-transform: var(--awb-text-transform); background-color: var(--awb-bg-color-hover);\"><span style=\"color: var(--awb-color5); font-size: 50px;\" data-fusion-font=\"true\">L<\/span><span style=\"color: var(--awb-custom_color_2);\">a th\u00e9rapie d&rsquo;adulte, un domaine \u00e9mergent en psychologie, offre un espace de transformation et de croissance pour les individus confront\u00e9s aux d\u00e9fis de la vie adulte. Alors que de nombreux st\u00e9r\u00e9otypes sociaux sugg\u00e8rent que seuls les jeunes sont sujets \u00e0 des troubles mentaux ou \u00e0 des difficult\u00e9s \u00e9motionnelles, la r\u00e9alit\u00e9 est que les adultes sont tout autant vuln\u00e9rables aux stress, aux traumas et aux transitions de vie.<\/span><\/span><\/p>\n<h3 style=\"font-size: 22px; --fontSize: 22; line-height: 1.2; --minFontSize: 22; color: var(--awb-custom_color_2);\" data-fusion-font=\"true\" data-fontsize=\"22\" data-lineheight=\"26.4px\" class=\"fusion-responsive-typography-calculated\">Comprendre la Th\u00e9rapie d&rsquo;Adulte<\/h3>\n<p style=\"color: var(--awb-custom_color_2);\">La th\u00e9rapie d&rsquo;adulte se concentre sur les besoins sp\u00e9cifiques des individus \u00e0 diff\u00e9rentes \u00e9tapes de leur vie adulte, que ce soit dans leur carri\u00e8re, leurs relations, leur identit\u00e9, ou leur sant\u00e9 mentale. Contrairement aux approches plus g\u00e9n\u00e9rales de la psychoth\u00e9rapie, la th\u00e9rapie d&rsquo;adulte reconna\u00eet et s&rsquo;adapte aux r\u00e9alit\u00e9s complexes de la vie adulte, tenant compte des responsabilit\u00e9s professionnelles, familiales et sociales qui influencent le bien-\u00eatre \u00e9motionnel.<\/p>\n<h3 style=\"font-size: 22px; --fontSize: 22; line-height: 1.2; --minFontSize: 22; color: var(--awb-custom_color_2);\" data-fusion-font=\"true\" data-fontsize=\"22\" data-lineheight=\"26.4px\" class=\"fusion-responsive-typography-calculated\">Les D\u00e9fis Rencontr\u00e9s par les Adultes<\/h3>\n<p style=\"color: var(--awb-custom_color_2);\">Les adultes peuvent faire face \u00e0 une multitude de d\u00e9fis qui n\u00e9cessitent souvent un soutien professionnel pour surmonter. Des probl\u00e8mes tels que le stress professionnel, les conflits relationnels, les transitions de carri\u00e8re, la gestion du temps, la parentalit\u00e9, le deuil, la perte de sens ou les questions existentielles peuvent peser lourdement sur le bien-\u00eatre psychologique d&rsquo;un individu.<\/p>\n<h3 style=\"font-size: 22px; --fontSize: 22; line-height: 1.2; --minFontSize: 22; color: var(--awb-custom_color_2);\" data-fusion-font=\"true\" data-fontsize=\"22\" data-lineheight=\"26.4px\" class=\"fusion-responsive-typography-calculated\">L&rsquo;Approche Th\u00e9rapeutique<\/h3>\n<p style=\"color: var(--awb-custom_color_2);\">La th\u00e9rapie d&rsquo;adulte utilise une gamme de modalit\u00e9s th\u00e9rapeutiques adapt\u00e9es aux besoins sp\u00e9cifiques des adultes. Cela peut inclure la th\u00e9rapie cognitivo-comportementale pour traiter les sch\u00e9mas de pens\u00e9e n\u00e9gatifs, la th\u00e9rapie de groupe pour favoriser le soutien social et la connexion, la th\u00e9rapie de couple pour am\u00e9liorer les relations, ou la th\u00e9rapie ax\u00e9e sur la pleine conscience pour cultiver la r\u00e9silience \u00e9motionnelle.<\/p>\n<h3 style=\"font-size: 22px; --fontSize: 22; line-height: 1.2; --minFontSize: 22; color: var(--awb-custom_color_2);\" data-fusion-font=\"true\" data-fontsize=\"22\" data-lineheight=\"26.4px\" class=\"fusion-responsive-typography-calculated\">Les Avantages de la Th\u00e9rapie d&rsquo;Adulte<\/h3>\n<p style=\"color: var(--awb-custom_color_2);\">L&rsquo;engagement dans la th\u00e9rapie d&rsquo;adulte offre de nombreux avantages, notamment une meilleure compr\u00e9hension de soi, des comp\u00e9tences de gestion du stress am\u00e9lior\u00e9es, une r\u00e9solution de conflits plus efficace, des relations plus saines, une augmentation de l&rsquo;estime de soi et une plus grande satisfaction dans la vie. En fournissant un espace s\u00e9curis\u00e9 pour explorer les d\u00e9fis et les aspirations de l&rsquo;\u00e2ge adulte, la th\u00e9rapie d&rsquo;adulte favorise le d\u00e9veloppement personnel et la r\u00e9alisation de son plein potentiel.<\/p>\n<h3 style=\"font-size: 22px; --fontSize: 22; line-height: 1.2; --minFontSize: 22; color: var(--awb-custom_color_2);\" data-fusion-font=\"true\" data-fontsize=\"22\" data-lineheight=\"26.4px\" class=\"fusion-responsive-typography-calculated\">Conclusion<\/h3>\n<p style=\"color: var(--awb-color8);\"><span style=\"color: var(--awb-custom_color_2);\">La th\u00e9rapie d&rsquo;adulte repr\u00e9sente une ressource pr\u00e9cieuse pour ceux qui cherchent \u00e0 surmonter les d\u00e9fis de la vie adulte et \u00e0 cultiver un bien-\u00eatre \u00e9motionnel durable. En offrant un soutien professionnel et un accompagnement personnalis\u00e9, cette forme de th\u00e9rapie ouvre la voie \u00e0 une croissance personnelle significative, permettant aux individus de naviguer avec confiance les complexit\u00e9s de l&rsquo;\u00e2ge adulte. Si vous vous trouvez confront\u00e9 \u00e0 des difficult\u00e9s dans votre vie adulte, envisagez de consulter un th\u00e9rapeute d&rsquo;adulte qualifi\u00e9 pour vous aider \u00e0 trouver des solutions et \u00e0 r\u00e9aliser votre plein potentiel.<\/span><\/p>\n<\/div><\/div><\/div><\/div><\/div><\/p>\n","protected":false},"excerpt":{"rendered":"","protected":false},"author":1,"featured_media":0,"parent":0,"menu_order":0,"comment_status":"closed","ping_status":"closed","template":"","meta":{"content-type":"","footnotes":""},"class_list":["post-2143","page","type-page","status-publish","hentry"],"_links":{"self":[{"href":"https:\/\/mpsychologue.com\/index.php\/wp-json\/wp\/v2\/pages\/2143","targetHints":{"allow":["GET"]}}],"collection":[{"href":"https:\/\/mpsychologue.com\/index.php\/wp-json\/wp\/v2\/pages"}],"about":[{"href":"https:\/\/mpsychologue.com\/index.php\/wp-json\/wp\/v2\/types\/page"}],"author":[{"embeddable":true,"href":"https:\/\/mpsychologue.com\/index.php\/wp-json\/wp\/v2\/users\/1"}],"replies":[{"embeddable":true,"href":"https:\/\/mpsychologue.com\/index.php\/wp-json\/wp\/v2\/comments?post=2143"}],"version-history":[{"count":30,"href":"https:\/\/mpsychologue.com\/index.php\/wp-json\/wp\/v2\/pages\/2143\/revisions"}],"predecessor-version":[{"id":2793,"href":"https:\/\/mpsychologue.com\/index.php\/wp-json\/wp\/v2\/pages\/2143\/revisions\/2793"}],"wp:attachment":[{"href":"https:\/\/mpsychologue.com\/index.php\/wp-json\/wp\/v2\/media?parent=2143"}],"curies":[{"name":"wp","href":"https:\/\/api.w.org\/{rel}","templated":true}]}}