{"id":2148,"date":"2024-03-28T07:23:20","date_gmt":"2024-03-28T06:23:20","guid":{"rendered":"https:\/\/mpsychologue.com\/?page_id=2148"},"modified":"2024-04-27T17:58:19","modified_gmt":"2024-04-27T15:58:19","slug":"therapie-denfants","status":"publish","type":"page","link":"https:\/\/mpsychologue.com\/index.php\/therapie-denfants\/","title":{"rendered":"Th\u00e9rapie d&rsquo;Enfants"},"content":{"rendered":"<p><div class=\"fusion-fullwidth fullwidth-box fusion-builder-row-1 fusion-flex-container has-pattern-background has-mask-background nonhundred-percent-fullwidth non-hundred-percent-height-scrolling\" style=\"--awb-border-radius-top-left:0px;--awb-border-radius-top-right:0px;--awb-border-radius-bottom-right:0px;--awb-border-radius-bottom-left:0px;--awb-flex-wrap:wrap;\" ><div class=\"fusion-builder-row fusion-row fusion-flex-align-items-flex-start fusion-flex-content-wrap\" style=\"max-width:1365px;margin-left: calc(-5% \/ 2 );margin-right: calc(-5% \/ 2 );\"><div class=\"fusion-layout-column fusion_builder_column fusion-builder-column-0 fusion_builder_column_1_1 1_1 fusion-flex-column\" style=\"--awb-bg-size:cover;--awb-width-large:100%;--awb-margin-top-large:0px;--awb-spacing-right-large:2.375%;--awb-margin-bottom-large:20px;--awb-spacing-left-large:2.375%;--awb-width-medium:100%;--awb-order-medium:0;--awb-spacing-right-medium:2.375%;--awb-spacing-left-medium:2.375%;--awb-width-small:100%;--awb-order-small:0;--awb-spacing-right-small:2.375%;--awb-spacing-left-small:2.375%;\"><div class=\"fusion-column-wrapper fusion-column-has-shadow fusion-flex-justify-content-flex-start fusion-content-layout-column\"><div class=\"fusion-image-element \" style=\"--awb-bottom-shadow-color:hsla(var(--awb-color4-h),var(--awb-color4-s),calc(var(--awb-color4-l) - 89%),var(--awb-color4-a));--awb-aspect-ratio:3 \/ 1;--awb-caption-title-font-family:var(--h2_typography-font-family);--awb-caption-title-font-weight:var(--h2_typography-font-weight);--awb-caption-title-font-style:var(--h2_typography-font-style);--awb-caption-title-size:var(--h2_typography-font-size);--awb-caption-title-transform:var(--h2_typography-text-transform);--awb-caption-title-line-height:var(--h2_typography-line-height);--awb-caption-title-letter-spacing:var(--h2_typography-letter-spacing);\"><div class=\"awb-image-frame awb-image-frame-1 awb-bottomshadow\"><span class=\" fusion-imageframe imageframe-bottomshadow imageframe-1 hover-type-none has-aspect-ratio\"><img decoding=\"async\" width=\"2560\" height=\"1707\" title=\"enfant\" src=\"https:\/\/mpsychologue.com\/wp-content\/uploads\/2024\/03\/enfant-scaled.jpeg\" data-orig-src=\"https:\/\/mpsychologue.com\/wp-content\/uploads\/2024\/03\/enfant-scaled.jpeg\" class=\"lazyload img-responsive wp-image-2039 img-with-aspect-ratio\" data-parent-fit=\"cover\" data-parent-container=\".fusion-image-element\" alt srcset=\"data:image\/svg+xml,%3Csvg%20xmlns%3D%27http%3A%2F%2Fwww.w3.org%2F2000%2Fsvg%27%20width%3D%272560%27%20height%3D%271707%27%20viewBox%3D%270%200%202560%201707%27%3E%3Crect%20width%3D%272560%27%20height%3D%271707%27%20fill-opacity%3D%220%22%2F%3E%3C%2Fsvg%3E\" data-srcset=\"https:\/\/mpsychologue.com\/wp-content\/uploads\/2024\/03\/enfant-200x133.jpeg 200w, https:\/\/mpsychologue.com\/wp-content\/uploads\/2024\/03\/enfant-400x267.jpeg 400w, https:\/\/mpsychologue.com\/wp-content\/uploads\/2024\/03\/enfant-600x400.jpeg 600w, https:\/\/mpsychologue.com\/wp-content\/uploads\/2024\/03\/enfant-800x533.jpeg 800w, https:\/\/mpsychologue.com\/wp-content\/uploads\/2024\/03\/enfant-1200x800.jpeg 1200w, https:\/\/mpsychologue.com\/wp-content\/uploads\/2024\/03\/enfant-scaled.jpeg 2560w\" data-sizes=\"auto\" data-orig-sizes=\"(max-width: 700px) 100vw, 2560px\" \/><\/span><svg xmlns=\"http:\/\/www.w3.org\/2000\/svg\" version=\"1.1\" width=\"100%\" viewBox=\"0 0 600 28\" preserveAspectRatio=\"none\"><g clip-path=\"url(#a)\"><mask id=\"b\" style=\"mask-type:luminance\" maskUnits=\"userSpaceOnUse\" x=\"0\" y=\"0\" width=\"600\" height=\"28\"><path d=\"M0 0h600v28H0V0Z\" fill=\"#fff\"\/><\/mask><g filter=\"url(#c)\" mask=\"url(#b)\"><path d=\"M16.439-18.667h567.123v30.8S438.961-8.4 300-8.4C161.04-8.4 16.438 12.133 16.438 12.133v-30.8Z\" fill=\"#000\"\/><\/g><\/g><defs><clipPath id=\"a\"><path fill=\"#fff\" d=\"M0 0h600v28H0z\"\/><\/clipPath><filter id=\"c\" x=\"5.438\" y=\"-29.667\" width=\"589.123\" height=\"52.8\" filterUnits=\"userSpaceOnUse\" color-interpolation-filters=\"sRGB\"><feFlood flood-opacity=\"0\" result=\"BackgroundImageFix\"\/><feBlend in=\"SourceGraphic\" in2=\"BackgroundImageFix\" result=\"shape\"\/><feGaussianBlur stdDeviation=\"5.5\" result=\"effect1_foregroundBlur_3983_183\"\/><\/filter><\/defs><\/svg><\/div><\/div><\/div><\/div><\/div><\/div><div class=\"fusion-fullwidth fullwidth-box fusion-builder-row-2 fusion-flex-container has-pattern-background has-mask-background nonhundred-percent-fullwidth non-hundred-percent-height-scrolling\" style=\"--awb-border-radius-top-left:0px;--awb-border-radius-top-right:0px;--awb-border-radius-bottom-right:0px;--awb-border-radius-bottom-left:0px;--awb-flex-wrap:wrap;\" ><div class=\"fusion-builder-row fusion-row fusion-flex-align-items-flex-start fusion-flex-content-wrap\" style=\"max-width:1365px;margin-left: calc(-5% \/ 2 );margin-right: calc(-5% \/ 2 );\"><div class=\"fusion-layout-column fusion_builder_column fusion-builder-column-1 fusion_builder_column_1_1 1_1 fusion-flex-column\" style=\"--awb-bg-size:cover;--awb-width-large:100%;--awb-margin-top-large:0px;--awb-spacing-right-large:2.375%;--awb-margin-bottom-large:20px;--awb-spacing-left-large:2.375%;--awb-width-medium:100%;--awb-order-medium:0;--awb-spacing-right-medium:2.375%;--awb-spacing-left-medium:2.375%;--awb-width-small:100%;--awb-order-small:0;--awb-spacing-right-small:2.375%;--awb-spacing-left-small:2.375%;\"><div class=\"fusion-column-wrapper fusion-column-has-shadow fusion-flex-justify-content-flex-start fusion-content-layout-column\"><div class=\"fusion-title title fusion-title-1 fusion-sep-none fusion-title-center fusion-title-text fusion-title-size-one\" style=\"--awb-text-color:var(--awb-custom_color_2);--awb-margin-top-small:10px;--awb-margin-right-small:0px;--awb-margin-bottom-small:10px;--awb-margin-left-small:0px;\"><h1 class=\"fusion-title-heading title-heading-center fusion-responsive-typography-calculated\" style=\"margin:0;--fontSize:64;line-height:var(--awb-typography1-line-height);\">Th\u00e9rapie d&rsquo;Enfants<\/h1><\/div><div class=\"fusion-text fusion-text-1\"><p style=\"text-align: center; font-family: 'Cormorant Garamond'; font-weight: 400; font-size: 24px;\" data-fusion-font=\"true\" data-fusion-google-font=\"Cormorant Garamond\" data-fusion-google-variant=\"400\">Nourrissez le potentiel de votre enfant et guidez-le vers l\u2019\u00e9panouissement<\/p>\n<\/div><\/div><\/div><div class=\"fusion-layout-column fusion_builder_column fusion-builder-column-2 fusion_builder_column_1_1 1_1 fusion-flex-column\" style=\"--awb-bg-size:cover;--awb-width-large:100%;--awb-margin-top-large:0px;--awb-spacing-right-large:2.375%;--awb-margin-bottom-large:20px;--awb-spacing-left-large:2.375%;--awb-width-medium:100%;--awb-order-medium:0;--awb-spacing-right-medium:2.375%;--awb-spacing-left-medium:2.375%;--awb-width-small:100%;--awb-order-small:0;--awb-spacing-right-small:2.375%;--awb-spacing-left-small:2.375%;\"><div class=\"fusion-column-wrapper fusion-column-has-shadow fusion-flex-justify-content-flex-start fusion-content-layout-column\"><div class=\"fusion-text fusion-text-2 awb-text-cols fusion-text-columns-3 fusion-no-small-visibility fusion-text-no-margin\" style=\"--awb-font-size:18px;--awb-line-height:1.72em;--awb-letter-spacing:var(--awb-typography4-letter-spacing);--awb-text-transform:var(--awb-typography4-text-transform);--awb-text-color:#19052e;--awb-columns:3;--awb-column-spacing:60px;--awb-column-min-width:100px;--awb-rule-style:1px solid #e1f5e3;--awb-margin-top:20px;--awb-margin-right:20px;--awb-margin-bottom:20px;--awb-margin-left:20px;--awb-text-font-family:&quot;Cardo&quot;;--awb-text-font-style:normal;--awb-text-font-weight:400;\"><p><span style=\"color: #000000;\"><span style=\"font-family: var(--awb-text-font-family); font-size: var(--awb-font-size); font-style: var(--awb-text-font-style); font-weight: var(--awb-text-font-weight); letter-spacing: var(--awb-letter-spacing); text-align: var(--awb-content-alignment); text-transform: var(--awb-text-transform); background-color: var(--awb-bg-color-hover);\"><span style=\"font-size: 50px; font-family: 'Cormorant Garamond'; font-weight: 400; color: var(--awb-custom10);\" data-fusion-font=\"true\" data-fusion-google-font=\"Cormorant Garamond\" data-fusion-google-variant=\"400\">L<\/span><span data-fusion-font=\"true\" data-fusion-google-font=\"Cormorant Garamond\" data-fusion-google-variant=\"400\" style=\"font-family: 'Cormorant Garamond'; font-weight: 400; font-size: 21px; color: var(--awb-custom_color_2);\">a th\u00e9rapie pour enfants constitue un domaine essentiel en psychologie, offrant un espace s\u00fbr et bienveillant pour aider les jeunes \u00e0 surmonter les d\u00e9fis \u00e9motionnels, comportementaux et d\u00e9veloppementaux qui peuvent surgir au cours de leur enfance. Contrairement \u00e0 une perception courante qui pourrait minimiser les troubles mentaux chez les enfants, il est crucial de reconna\u00eetre que les enfants peuvent \u00e9galement faire face \u00e0 des difficult\u00e9s qui n\u00e9cessitent un soutien professionnel adapt\u00e9 \u00e0 leur \u00e2ge et \u00e0 leur stade de d\u00e9veloppement.<\/span><\/span><b><br \/><span data-fusion-font=\"true\" data-fusion-google-font=\"Cormorant Garamond\" data-fusion-google-variant=\"400\" style=\"font-family: 'Cormorant Garamond'; font-weight: 400; font-size: 21px;\"><br \/><span style=\"color: var(--awb-custom_color_2);\"><br \/>\n<\/span><\/span><\/b><\/span><\/p>\n<p><span style=\"color: #000000;\"><b style=\"font-size: 21px; font-family: 'Cormorant Garamond'; color: var(--awb-custom_color_2);\" data-fusion-font=\"true\" data-fusion-google-font=\"Cormorant Garamond\" data-fusion-google-variant=\"400\">Comprendre la Th\u00e9rapie pour Enfants<\/b><\/span><\/p>\n<p style=\"color: var(--awb-color5);\"><span style=\"color: var(--awb-custom_color_2); font-family: 'Cormorant Garamond'; font-weight: 400; font-size: 21px;\" data-fusion-font=\"true\" data-fusion-google-font=\"Cormorant Garamond\" data-fusion-google-variant=\"400\">La th\u00e9rapie pour enfants adopte une approche sp\u00e9cialis\u00e9e qui prend en compte les besoins uniques des enfants en fonction de leur \u00e2ge, de leur niveau de d\u00e9veloppement et de leurs exp\u00e9riences de vie. Contrairement \u00e0 la th\u00e9rapie pour adultes, qui se concentre souvent sur la verbalisation des pens\u00e9es et des \u00e9motions, la th\u00e9rapie pour enfants int\u00e8gre souvent des \u00e9l\u00e9ments de jeu, de dessin, de narration et d&rsquo;autres formes d&rsquo;expression cr\u00e9ative pour permettre aux enfants de communiquer leurs sentiments et leurs exp\u00e9riences de mani\u00e8re naturelle et confortable.<\/span><\/p>\n<p style=\"font-size: 21px;\" data-fusion-font=\"true\"><span style=\"color: #000000;\"><b data-fusion-font=\"true\" data-fusion-google-font=\"Cormorant Garamond\" data-fusion-google-variant=\"400\" style=\"font-family: 'Cormorant Garamond'; font-size: 21px; color: var(--awb-custom_color_2);\">D\u00e9fis Rencontr\u00e9s par les Enfants<\/b><\/span><\/p>\n<p style=\"color: var(--awb-color5);\"><span style=\"color: var(--awb-custom_color_2); font-family: 'Cormorant Garamond'; font-weight: 400; font-size: 21px;\" data-fusion-font=\"true\" data-fusion-google-font=\"Cormorant Garamond\" data-fusion-google-variant=\"400\">Les enfants peuvent \u00eatre confront\u00e9s \u00e0 une vari\u00e9t\u00e9 de d\u00e9fis qui peuvent affecter leur bien-\u00eatre \u00e9motionnel et leur d\u00e9veloppement sain. Cela peut inclure des difficult\u00e9s li\u00e9es \u00e0 l&rsquo;adaptation \u00e0 de nouveaux environnements, la gestion des \u00e9motions, les troubles du comportement, les probl\u00e8mes familiaux, les traumatismes, le deuil, les difficult\u00e9s d&rsquo;apprentissage, ou les troubles de sant\u00e9 mentale tels que l&rsquo;anxi\u00e9t\u00e9 et la d\u00e9pression.<\/span><\/p>\n<p style=\"font-size: 21px;\" data-fusion-font=\"true\"><span style=\"color: #000000;\"><b data-fusion-font=\"true\" data-fusion-google-font=\"Cormorant Garamond\" data-fusion-google-variant=\"400\" style=\"font-family: 'Cormorant Garamond'; font-size: 21px; color: var(--awb-custom_color_2);\">Approches Th\u00e9rapeutiques Adapt\u00e9es aux Enfants<\/b><\/span><\/p>\n<p style=\"color: var(--awb-color5);\"><span style=\"color: var(--awb-custom_color_2); font-family: 'Cormorant Garamond'; font-weight: 400; font-size: 21px;\" data-fusion-font=\"true\" data-fusion-google-font=\"Cormorant Garamond\" data-fusion-google-variant=\"400\">La th\u00e9rapie pour enfants utilise des approches th\u00e9rapeutiques sp\u00e9cifiquement con\u00e7ues pour r\u00e9pondre aux besoins des jeunes patients. Parmi les approches couramment utilis\u00e9es, on trouve la th\u00e9rapie cognitivo-comportementale pour aider les enfants \u00e0 modifier les sch\u00e9mas de pens\u00e9e n\u00e9gatifs, la th\u00e9rapie de jeu pour favoriser l&rsquo;expression et la r\u00e9solution des probl\u00e8mes \u00e0 travers le jeu, la th\u00e9rapie familiale pour am\u00e9liorer les relations familiales, et la th\u00e9rapie ax\u00e9e sur les traumas pour aider les enfants \u00e0 surmonter les \u00e9v\u00e9nements traumatiques.<\/span><\/p>\n<p style=\"font-size: 21px; color: #19052e;\" data-fusion-font=\"true\"><b style=\"color: var(--awb-custom_color_2); font-family: 'Cormorant Garamond'; letter-spacing: var(--awb-letter-spacing); text-align: var(--awb-content-alignment); text-transform: var(--awb-text-transform); background-color: var(--awb-bg-color-hover); font-size: 21px;\" data-fusion-font=\"true\" data-fusion-google-font=\"Cormorant Garamond\" data-fusion-google-variant=\"400\">Avantages de la Th\u00e9rapie pour Enfants<\/b><\/p>\n<p style=\"color: var(--awb-color5);\"><span style=\"color: var(--awb-custom_color_2); font-family: 'Cormorant Garamond'; font-weight: 400; font-size: 21px;\" data-fusion-font=\"true\" data-fusion-google-font=\"Cormorant Garamond\" data-fusion-google-variant=\"400\">La th\u00e9rapie pour enfants offre de nombreux avantages, notamment une am\u00e9lioration de la sant\u00e9 mentale et \u00e9motionnelle, le renforcement des comp\u00e9tences sociales et de r\u00e9solution de probl\u00e8mes, une meilleure estime de soi, et un d\u00e9veloppement plus sain des relations familiales et interpersonnelles. En intervenant t\u00f4t, la th\u00e9rapie pour enfants peut \u00e9galement pr\u00e9venir la persistance de probl\u00e8mes \u00e0 long terme et favoriser un ajustement positif tout au long de la vie.<\/span><\/p>\n<p style=\"font-size: 21px;\" data-fusion-font=\"true\"><span style=\"color: #000000;\"><b data-fusion-font=\"true\" data-fusion-google-font=\"Cormorant Garamond\" data-fusion-google-variant=\"400\" style=\"font-family: 'Cormorant Garamond'; font-size: 21px; color: var(--awb-custom_color_2);\">Conclusion<\/b><\/span><\/p>\n<p style=\"color: var(--awb-color5);\"><span style=\"color: var(--awb-custom_color_2); font-family: 'Cormorant Garamond'; font-weight: 400; font-size: 21px;\" data-fusion-font=\"true\" data-fusion-google-font=\"Cormorant Garamond\" data-fusion-google-variant=\"400\">La th\u00e9rapie pour enfants repr\u00e9sente une ressource pr\u00e9cieuse pour aider les jeunes \u00e0 surmonter les d\u00e9fis de l&rsquo;enfance et \u00e0 d\u00e9velopper les comp\u00e9tences n\u00e9cessaires pour naviguer avec succ\u00e8s \u00e0 travers les transitions et les difficult\u00e9s de la vie. En fournissant un soutien professionnel et une approche adapt\u00e9e \u00e0 leur \u00e2ge et \u00e0 leur d\u00e9veloppement, la th\u00e9rapie pour enfants offre aux enfants les outils dont ils ont besoin pour cultiver la croissance, la r\u00e9silience et le bien-\u00eatre \u00e9motionnel d\u00e8s le jeune \u00e2ge. Si vous avez un enfant qui rencontre des difficult\u00e9s \u00e9motionnelles, comportementales ou d\u00e9veloppementales, envisagez de consulter un th\u00e9rapeute pour enfants qualifi\u00e9 pour obtenir de l&rsquo;aide et du soutien.<\/span><\/p>\n<\/div><div class=\"fusion-text fusion-text-3 fusion-no-medium-visibility fusion-no-large-visibility fusion-text-no-margin\" style=\"--awb-font-size:18px;--awb-line-height:1.72em;--awb-letter-spacing:var(--awb-typography4-letter-spacing);--awb-text-transform:var(--awb-typography4-text-transform);--awb-text-color:#19052e;--awb-margin-top:20px;--awb-margin-right:20px;--awb-margin-bottom:20px;--awb-margin-left:20px;--awb-text-font-family:&quot;Cardo&quot;;--awb-text-font-style:normal;--awb-text-font-weight:400;\"><p><span style=\"color: #000000;\"><span style=\"font-family: var(--awb-text-font-family); font-size: var(--awb-font-size); font-style: var(--awb-text-font-style); font-weight: var(--awb-text-font-weight); letter-spacing: var(--awb-letter-spacing); text-align: var(--awb-content-alignment); text-transform: var(--awb-text-transform); background-color: var(--awb-bg-color-hover);\"><span style=\"font-size: 50px; color: var(--awb-color5);\" data-fusion-font=\"true\">L<\/span><span style=\"color: var(--awb-custom_color_2);\">a th\u00e9rapie pour enfants constitue un domaine essentiel en psychologie, offrant un espace s\u00fbr et bienveillant pour aider les jeunes \u00e0 surmonter les d\u00e9fis \u00e9motionnels, comportementaux et d\u00e9veloppementaux qui peuvent surgir au cours de leur enfance. Contrairement \u00e0 une perception courante qui pourrait minimiser les troubles mentaux chez les enfants, il est crucial de reconna\u00eetre que les enfants peuvent \u00e9galement faire face \u00e0 des difficult\u00e9s qui n\u00e9cessitent un soutien professionnel adapt\u00e9 \u00e0 leur \u00e2ge et \u00e0 leur stade de d\u00e9veloppement.<\/span><\/span><b><br \/><span style=\"color: var(--awb-custom_color_2);\"><br \/>\n<\/span><\/b><\/span><\/p>\n<p><span style=\"color: #000000;\"><b style=\"font-size: 21px; color: var(--awb-custom_color_2);\" data-fusion-font=\"true\">Comprendre la Th\u00e9rapie pour Enfants<\/b><\/span><\/p>\n<p style=\"color: var(--awb-color5);\"><span style=\"color: var(--awb-custom_color_2);\">La th\u00e9rapie pour enfants adopte une approche sp\u00e9cialis\u00e9e qui prend en compte les besoins uniques des enfants en fonction de leur \u00e2ge, de leur niveau de d\u00e9veloppement et de leurs exp\u00e9riences de vie. Contrairement \u00e0 la th\u00e9rapie pour adultes, qui se concentre souvent sur la verbalisation des pens\u00e9es et des \u00e9motions, la th\u00e9rapie pour enfants int\u00e8gre souvent des \u00e9l\u00e9ments de jeu, de dessin, de narration et d&rsquo;autres formes d&rsquo;expression cr\u00e9ative pour permettre aux enfants de communiquer leurs sentiments et leurs exp\u00e9riences de mani\u00e8re naturelle et confortable.<\/span><\/p>\n<p style=\"font-size: 21px;\" data-fusion-font=\"true\"><span style=\"color: #000000;\"><b style=\"color: var(--awb-custom_color_2);\">D\u00e9fis Rencontr\u00e9s par les Enfants<\/b><\/span><\/p>\n<p style=\"color: var(--awb-color5);\"><span style=\"color: var(--awb-custom_color_2);\">Les enfants peuvent \u00eatre confront\u00e9s \u00e0 une vari\u00e9t\u00e9 de d\u00e9fis qui peuvent affecter leur bien-\u00eatre \u00e9motionnel et leur d\u00e9veloppement sain. Cela peut inclure des difficult\u00e9s li\u00e9es \u00e0 l&rsquo;adaptation \u00e0 de nouveaux environnements, la gestion des \u00e9motions, les troubles du comportement, les probl\u00e8mes familiaux, les traumatismes, le deuil, les difficult\u00e9s d&rsquo;apprentissage, ou les troubles de sant\u00e9 mentale tels que l&rsquo;anxi\u00e9t\u00e9 et la d\u00e9pression.<\/span><\/p>\n<p style=\"font-size: 21px;\" data-fusion-font=\"true\"><span style=\"color: #000000;\"><b style=\"color: var(--awb-custom_color_2);\">Approches Th\u00e9rapeutiques Adapt\u00e9es aux Enfants<\/b><\/span><\/p>\n<p style=\"color: var(--awb-color5);\"><span style=\"color: var(--awb-custom_color_2);\">La th\u00e9rapie pour enfants utilise des approches th\u00e9rapeutiques sp\u00e9cifiquement con\u00e7ues pour r\u00e9pondre aux besoins des jeunes patients. Parmi les approches couramment utilis\u00e9es, on trouve la th\u00e9rapie cognitivo-comportementale pour aider les enfants \u00e0 modifier les sch\u00e9mas de pens\u00e9e n\u00e9gatifs, la th\u00e9rapie de jeu pour favoriser l&rsquo;expression et la r\u00e9solution des probl\u00e8mes \u00e0 travers le jeu, la th\u00e9rapie familiale pour am\u00e9liorer les relations familiales, et la th\u00e9rapie ax\u00e9e sur les traumas pour aider les enfants \u00e0 surmonter les \u00e9v\u00e9nements traumatiques.<\/span><\/p>\n<p style=\"font-size: 21px; color: #19052e;\" data-fusion-font=\"true\"><b style=\"color: var(--awb-custom_color_2); font-family: var(--awb-text-font-family); font-style: var(--awb-text-font-style); letter-spacing: var(--awb-letter-spacing); text-align: var(--awb-content-alignment); text-transform: var(--awb-text-transform); background-color: var(--awb-bg-color-hover);\">Avantages de la Th\u00e9rapie pour Enfants<\/b><\/p>\n<p style=\"color: var(--awb-color5);\"><span style=\"color: var(--awb-custom_color_2);\">La th\u00e9rapie pour enfants offre de nombreux avantages, notamment une am\u00e9lioration de la sant\u00e9 mentale et \u00e9motionnelle, le renforcement des comp\u00e9tences sociales et de r\u00e9solution de probl\u00e8mes, une meilleure estime de soi, et un d\u00e9veloppement plus sain des relations familiales et interpersonnelles. En intervenant t\u00f4t, la th\u00e9rapie pour enfants peut \u00e9galement pr\u00e9venir la persistance de probl\u00e8mes \u00e0 long terme et favoriser un ajustement positif tout au long de la vie.<\/span><\/p>\n<p style=\"font-size: 21px;\" data-fusion-font=\"true\"><span style=\"color: #000000;\"><b style=\"color: var(--awb-custom_color_2);\">Conclusion<\/b><\/span><\/p>\n<p style=\"color: var(--awb-color5);\"><span style=\"color: var(--awb-custom_color_2);\">La th\u00e9rapie pour enfants repr\u00e9sente une ressource pr\u00e9cieuse pour aider les jeunes \u00e0 surmonter les d\u00e9fis de l&rsquo;enfance et \u00e0 d\u00e9velopper les comp\u00e9tences n\u00e9cessaires pour naviguer avec succ\u00e8s \u00e0 travers les transitions et les difficult\u00e9s de la vie. En fournissant un soutien professionnel et une approche adapt\u00e9e \u00e0 leur \u00e2ge et \u00e0 leur d\u00e9veloppement, la th\u00e9rapie pour enfants offre aux enfants les outils dont ils ont besoin pour cultiver la croissance, la r\u00e9silience et le bien-\u00eatre \u00e9motionnel d\u00e8s le jeune \u00e2ge. Si vous avez un enfant qui rencontre des difficult\u00e9s \u00e9motionnelles, comportementales ou d\u00e9veloppementales, envisagez de consulter un th\u00e9rapeute pour enfants qualifi\u00e9 pour obtenir de l&rsquo;aide et du soutien.<\/span><\/p>\n<\/div><\/div><\/div><\/div><\/div><\/p>\n","protected":false},"excerpt":{"rendered":"","protected":false},"author":1,"featured_media":0,"parent":0,"menu_order":0,"comment_status":"closed","ping_status":"closed","template":"","meta":{"content-type":"","footnotes":""},"class_list":["post-2148","page","type-page","status-publish","hentry"],"_links":{"self":[{"href":"https:\/\/mpsychologue.com\/index.php\/wp-json\/wp\/v2\/pages\/2148","targetHints":{"allow":["GET"]}}],"collection":[{"href":"https:\/\/mpsychologue.com\/index.php\/wp-json\/wp\/v2\/pages"}],"about":[{"href":"https:\/\/mpsychologue.com\/index.php\/wp-json\/wp\/v2\/types\/page"}],"author":[{"embeddable":true,"href":"https:\/\/mpsychologue.com\/index.php\/wp-json\/wp\/v2\/users\/1"}],"replies":[{"embeddable":true,"href":"https:\/\/mpsychologue.com\/index.php\/wp-json\/wp\/v2\/comments?post=2148"}],"version-history":[{"count":10,"href":"https:\/\/mpsychologue.com\/index.php\/wp-json\/wp\/v2\/pages\/2148\/revisions"}],"predecessor-version":[{"id":2794,"href":"https:\/\/mpsychologue.com\/index.php\/wp-json\/wp\/v2\/pages\/2148\/revisions\/2794"}],"wp:attachment":[{"href":"https:\/\/mpsychologue.com\/index.php\/wp-json\/wp\/v2\/media?parent=2148"}],"curies":[{"name":"wp","href":"https:\/\/api.w.org\/{rel}","templated":true}]}}