{"id":2308,"date":"2024-03-28T15:39:04","date_gmt":"2024-03-28T14:39:04","guid":{"rendered":"https:\/\/mpsychologue.com\/?page_id=2308"},"modified":"2024-03-28T15:49:09","modified_gmt":"2024-03-28T14:49:09","slug":"mentions-legales","status":"publish","type":"page","link":"https:\/\/mpsychologue.com\/index.php\/mentions-legales\/","title":{"rendered":"Mentions l\u00e9gales"},"content":{"rendered":"<p><span style=\"font-weight: 400;\">Conform\u00e9ment aux dispositions de la loi n\u00b0 2004-575 du 21 juin 2004 pour la confiance en l&rsquo;\u00e9conomie num\u00e9rique, il est pr\u00e9cis\u00e9 aux utilisateurs du site mpsychologue l&rsquo;identit\u00e9 des diff\u00e9rents intervenants dans le cadre de sa r\u00e9alisation et de son suivi.<\/span><\/p>\n<p>&nbsp;<\/p>\n<p><b>Edition du site\u00a0<\/b><\/p>\n<p>&nbsp;<\/p>\n<p><span style=\"font-weight: 400;\">Le pr\u00e9sent site, accessible \u00e0 l\u2019URL www.mpsychologue.com (le \u00ab Site \u00bb), est \u00e9dit\u00e9 par :<\/span><\/p>\n<p>&nbsp;<\/p>\n<p><span style=\"font-weight: 400;\">Soumia MIMINE, r\u00e9sidant 44 rue de sausheim 68100 Mulhouse, de nationalit\u00e9 Alg\u00e9rienne (Alg\u00e9rie), n\u00e9(e) le 16\/06\/1989,\u00a0 inscrite au R.C.S. de MULHOUSE sous le num\u00e9ro 92156739200011,<\/span><\/p>\n<p>&nbsp;<\/p>\n<p><b>H\u00e9bergement<\/b><\/p>\n<p><span style=\"font-weight: 400;\"><br \/>\n<\/span><span style=\"font-weight: 400;\">Le Site est h\u00e9berg\u00e9 par la soci\u00e9t\u00e9 Hostinger International LTD, situ\u00e9 , (contact t\u00e9l\u00e9phonique ou email : https:\/\/www.hostinger.fr\/contact).<\/span><\/p>\n<p>&nbsp;<\/p>\n<p><b>Directeur de publication\u00a0<\/b><\/p>\n<p><span style=\"font-weight: 400;\"><br \/>\n<\/span><span style=\"font-weight: 400;\">Le Directeur de la publication du Site est Soumia MIMINE.<\/span><\/p>\n<p>&nbsp;<\/p>\n<p><b>Nous contacter\u00a0<\/b><\/p>\n<p><span style=\"font-weight: 400;\"><br \/>\n<\/span><span style=\"font-weight: 400;\">Par t\u00e9l\u00e9phone\u00a0: +33651085969<\/span><\/p>\n<p><span style=\"font-weight: 400;\">Par email\u00a0: soumia.mimine.psychologue@gmail.com<\/span><\/p>\n<p><span style=\"font-weight: 400;\">Par courrier\u00a0: 44 rue de sausheim 68100 Mulhouse<\/span><\/p>\n","protected":false},"excerpt":{"rendered":"<p>Conform\u00e9ment aux dispositions de la loi n\u00b0 2004-575 du 21  [&#8230;]<\/p>\n","protected":false},"author":1,"featured_media":0,"parent":0,"menu_order":0,"comment_status":"closed","ping_status":"closed","template":"","meta":{"content-type":"","footnotes":""},"class_list":["post-2308","page","type-page","status-publish","hentry"],"_links":{"self":[{"href":"https:\/\/mpsychologue.com\/index.php\/wp-json\/wp\/v2\/pages\/2308","targetHints":{"allow":["GET"]}}],"collection":[{"href":"https:\/\/mpsychologue.com\/index.php\/wp-json\/wp\/v2\/pages"}],"about":[{"href":"https:\/\/mpsychologue.com\/index.php\/wp-json\/wp\/v2\/types\/page"}],"author":[{"embeddable":true,"href":"https:\/\/mpsychologue.com\/index.php\/wp-json\/wp\/v2\/users\/1"}],"replies":[{"embeddable":true,"href":"https:\/\/mpsychologue.com\/index.php\/wp-json\/wp\/v2\/comments?post=2308"}],"version-history":[{"count":2,"href":"https:\/\/mpsychologue.com\/index.php\/wp-json\/wp\/v2\/pages\/2308\/revisions"}],"predecessor-version":[{"id":2317,"href":"https:\/\/mpsychologue.com\/index.php\/wp-json\/wp\/v2\/pages\/2308\/revisions\/2317"}],"wp:attachment":[{"href":"https:\/\/mpsychologue.com\/index.php\/wp-json\/wp\/v2\/media?parent=2308"}],"curies":[{"name":"wp","href":"https:\/\/api.w.org\/{rel}","templated":true}]}}