{"id":2361,"date":"2024-03-30T06:51:01","date_gmt":"2024-03-30T05:51:01","guid":{"rendered":"https:\/\/mpsychologue.com\/?page_id=2361"},"modified":"2024-03-30T07:12:41","modified_gmt":"2024-03-30T06:12:41","slug":"a-propos-mobile","status":"publish","type":"page","link":"https:\/\/mpsychologue.com\/index.php\/a-propos-mobile\/","title":{"rendered":"A propos ( mobile )"},"content":{"rendered":"<p><div class=\"fusion-fullwidth fullwidth-box fusion-builder-row-1 fusion-flex-container has-pattern-background has-mask-background nonhundred-percent-fullwidth non-hundred-percent-height-scrolling\" style=\"--awb-border-radius-top-left:0px;--awb-border-radius-top-right:0px;--awb-border-radius-bottom-right:0px;--awb-border-radius-bottom-left:0px;--awb-flex-wrap:wrap;\" ><div class=\"fusion-builder-row fusion-row fusion-flex-align-items-flex-start fusion-flex-content-wrap\" style=\"max-width:1365px;margin-left: calc(-5% \/ 2 );margin-right: calc(-5% \/ 2 );\"><div class=\"fusion-layout-column fusion_builder_column fusion-builder-column-0 fusion_builder_column_1_1 1_1 fusion-flex-column\" style=\"--awb-bg-color:var(--awb-color1);--awb-bg-color-hover:var(--awb-color1);--awb-bg-size:cover;--awb-width-large:100%;--awb-margin-top-large:0px;--awb-spacing-right-large:2.375%;--awb-margin-bottom-large:20px;--awb-spacing-left-large:2.375%;--awb-width-medium:100%;--awb-order-medium:0;--awb-spacing-right-medium:2.375%;--awb-spacing-left-medium:2.375%;--awb-width-small:100%;--awb-order-small:0;--awb-spacing-right-small:2.375%;--awb-spacing-left-small:2.375%;\"><div class=\"fusion-column-wrapper fusion-column-has-shadow fusion-flex-justify-content-flex-start fusion-content-layout-column\"><div class=\"fusion-image-element \" style=\"--awb-aspect-ratio:3 \/ 1;--awb-caption-title-font-family:var(--h2_typography-font-family);--awb-caption-title-font-weight:var(--h2_typography-font-weight);--awb-caption-title-font-style:var(--h2_typography-font-style);--awb-caption-title-size:var(--h2_typography-font-size);--awb-caption-title-transform:var(--h2_typography-text-transform);--awb-caption-title-line-height:var(--h2_typography-line-height);--awb-caption-title-letter-spacing:var(--h2_typography-letter-spacing);\"><span class=\" fusion-imageframe imageframe-none imageframe-1 hover-type-none has-aspect-ratio\"><img decoding=\"async\" width=\"1280\" height=\"853\" title=\"man-3591573_1280 (1)\" src=\"https:\/\/mpsychologue.com\/wp-content\/uploads\/2024\/03\/man-3591573_1280-1.jpg\" data-orig-src=\"https:\/\/mpsychologue.com\/wp-content\/uploads\/2024\/03\/man-3591573_1280-1.jpg\" class=\"lazyload img-responsive wp-image-2233 img-with-aspect-ratio\" data-parent-fit=\"cover\" data-parent-container=\".fusion-image-element\" alt srcset=\"data:image\/svg+xml,%3Csvg%20xmlns%3D%27http%3A%2F%2Fwww.w3.org%2F2000%2Fsvg%27%20width%3D%271280%27%20height%3D%27853%27%20viewBox%3D%270%200%201280%20853%27%3E%3Crect%20width%3D%271280%27%20height%3D%27853%27%20fill-opacity%3D%220%22%2F%3E%3C%2Fsvg%3E\" data-srcset=\"https:\/\/mpsychologue.com\/wp-content\/uploads\/2024\/03\/man-3591573_1280-1-200x133.jpg 200w, https:\/\/mpsychologue.com\/wp-content\/uploads\/2024\/03\/man-3591573_1280-1-400x267.jpg 400w, https:\/\/mpsychologue.com\/wp-content\/uploads\/2024\/03\/man-3591573_1280-1-600x400.jpg 600w, https:\/\/mpsychologue.com\/wp-content\/uploads\/2024\/03\/man-3591573_1280-1-800x533.jpg 800w, https:\/\/mpsychologue.com\/wp-content\/uploads\/2024\/03\/man-3591573_1280-1-1200x800.jpg 1200w, https:\/\/mpsychologue.com\/wp-content\/uploads\/2024\/03\/man-3591573_1280-1.jpg 1280w\" data-sizes=\"auto\" data-orig-sizes=\"(max-width: 700px) 100vw, 1280px\" \/><\/span><\/div><\/div><\/div><div class=\"fusion-layout-column fusion_builder_column fusion-builder-column-1 fusion_builder_column_1_1 1_1 fusion-flex-column\" style=\"--awb-bg-color:var(--awb-color1);--awb-bg-color-hover:var(--awb-color1);--awb-bg-size:cover;--awb-width-large:100%;--awb-margin-top-large:0px;--awb-spacing-right-large:2.375%;--awb-margin-bottom-large:20px;--awb-spacing-left-large:2.375%;--awb-width-medium:100%;--awb-order-medium:0;--awb-spacing-right-medium:2.375%;--awb-spacing-left-medium:2.375%;--awb-width-small:100%;--awb-order-small:0;--awb-spacing-right-small:2.375%;--awb-spacing-left-small:2.375%;\"><div class=\"fusion-column-wrapper fusion-column-has-shadow fusion-flex-justify-content-flex-start fusion-content-layout-column\"><div class=\"fusion-title title fusion-title-1 fusion-sep-none fusion-title-center fusion-title-text fusion-title-size-one\" style=\"--awb-text-color:var(--awb-color8);\"><h1 class=\"fusion-title-heading title-heading-center fusion-responsive-typography-calculated\" style=\"margin:0;--fontSize:64;line-height:var(--awb-typography1-line-height);\">OTMANI MIMINE Soumia<\/h1><\/div><div class=\"fusion-text fusion-text-1\"><p style=\"text-align: center; color: var(--awb-color8);\">Psychologue Clinicienne &#8211; Psychoth\u00e9rapeute &#8211; Psychanalyste<\/p>\n<\/div><\/div><\/div><\/div><\/div><div class=\"fusion-fullwidth fullwidth-box fusion-builder-row-2 fusion-flex-container has-pattern-background has-mask-background nonhundred-percent-fullwidth non-hundred-percent-height-scrolling\" style=\"--awb-border-radius-top-left:0px;--awb-border-radius-top-right:0px;--awb-border-radius-bottom-right:0px;--awb-border-radius-bottom-left:0px;--awb-overflow:auto;--awb-flex-wrap:wrap;\" ><div class=\"fusion-builder-row fusion-row fusion-flex-align-items-flex-start fusion-flex-content-wrap\" style=\"max-width:1365px;margin-left: calc(-5% \/ 2 );margin-right: calc(-5% \/ 2 );\"><div class=\"fusion-layout-column fusion_builder_column fusion-builder-column-2 fusion_builder_column_1_1 1_1 fusion-flex-column\" style=\"--awb-bg-size:cover;--awb-width-large:100%;--awb-margin-top-large:0px;--awb-spacing-right-large:2.375%;--awb-margin-bottom-large:20px;--awb-spacing-left-large:2.375%;--awb-width-medium:100%;--awb-order-medium:0;--awb-spacing-right-medium:2.375%;--awb-spacing-left-medium:2.375%;--awb-width-small:100%;--awb-order-small:0;--awb-spacing-right-small:2.375%;--awb-spacing-left-small:2.375%;\" data-scroll-devices=\"small-visibility,medium-visibility,large-visibility\"><div class=\"fusion-column-wrapper fusion-column-has-shadow fusion-flex-justify-content-flex-start fusion-content-layout-column\"><div class=\"fusion-text fusion-text-2\"><p>Passionn\u00e9e par l&rsquo;accompagnement des individus dans leur qu\u00eate de bien-\u00eatre \u00e9motionnel et mental. Ayant obtenu mon dipl\u00f4me \u00e0 l&rsquo;Universit\u00e9 de Strasbourg, j&rsquo;ai acquis une solide formation acad\u00e9mique ainsi qu&rsquo;une exp\u00e9rience pratique significative dans le domaine de la psychologie clinique.<\/p>\n<p><span style=\"color: var(--awb-text-color); font-family: var(--awb-text-font-family); font-size: var(--awb-font-size); font-style: var(--awb-text-font-style); font-weight: var(--awb-text-font-weight); letter-spacing: var(--awb-letter-spacing); text-align: var(--awb-content-alignment); text-transform: var(--awb-text-transform); background-color: var(--awb-bg-color-hover);\">Mon approche th\u00e9rapeutique repose sur une compr\u00e9hension profonde des complexit\u00e9s de l&rsquo;esprit humain et sur une approche holistique de la sant\u00e9 mentale. Je crois fermement en l&rsquo;importance d&rsquo;\u00e9tablir une relation th\u00e9rapeutique solide et de confiance avec mes patients, o\u00f9 ils se sentent entendus, respect\u00e9s et soutenus dans leur cheminement personnel.<\/span><\/p>\n<p>Dans mon cabinet, situ\u00e9 dans un cadre accueillant et chaleureux, je propose des s\u00e9ances de th\u00e9rapie individuelle aux adolescents et aux adultes. Chaque personne est unique, c&rsquo;est pourquoi je m&rsquo;efforce d&rsquo;adapter mes interventions \u00e0 leurs besoins sp\u00e9cifiques, en utilisant une vari\u00e9t\u00e9 de techniques th\u00e9rapeutiques telles que la th\u00e9rapie cognitivo-comportementale, la th\u00e9rapie narrative et la pleine conscience.<\/p>\n<p>Mon objectif est d&rsquo;aider mes patients \u00e0 explorer et \u00e0 comprendre leurs \u00e9motions, leurs pens\u00e9es et leurs comportements, et \u00e0 d\u00e9velopper des strat\u00e9gies efficaces pour faire face aux d\u00e9fis de la vie quotidienne. Que ce soit pour surmonter l&rsquo;anxi\u00e9t\u00e9, la d\u00e9pression, les troubles du comportement alimentaire, les difficult\u00e9s relationnelles ou toute autre probl\u00e9matique, je suis l\u00e0 pour les accompagner sur le chemin de la gu\u00e9rison et du mieux-\u00eatre.<\/p>\n<p>Je crois fermement en la capacit\u00e9 de chacun \u00e0 changer et \u00e0 s&rsquo;\u00e9panouir, et je suis honor\u00e9e de pouvoir jouer un r\u00f4le dans ce processus de transformation. Si vous recherchez un soutien professionnel et empathique pour surmonter vos difficult\u00e9s et atteindre vos objectifs de sant\u00e9 mentale, n&rsquo;h\u00e9sitez pas \u00e0 prendre rendez-vous dans mon cabinet. Je serais heureuse de vous accompagner dans votre parcours vers une vie plus \u00e9panouie et \u00e9quilibr\u00e9e.<\/p>\n<\/div><\/div><\/div><\/div><\/div><\/p>\n","protected":false},"excerpt":{"rendered":"","protected":false},"author":1,"featured_media":0,"parent":0,"menu_order":0,"comment_status":"closed","ping_status":"closed","template":"","meta":{"content-type":"","footnotes":""},"class_list":["post-2361","page","type-page","status-publish","hentry"],"_links":{"self":[{"href":"https:\/\/mpsychologue.com\/index.php\/wp-json\/wp\/v2\/pages\/2361","targetHints":{"allow":["GET"]}}],"collection":[{"href":"https:\/\/mpsychologue.com\/index.php\/wp-json\/wp\/v2\/pages"}],"about":[{"href":"https:\/\/mpsychologue.com\/index.php\/wp-json\/wp\/v2\/types\/page"}],"author":[{"embeddable":true,"href":"https:\/\/mpsychologue.com\/index.php\/wp-json\/wp\/v2\/users\/1"}],"replies":[{"embeddable":true,"href":"https:\/\/mpsychologue.com\/index.php\/wp-json\/wp\/v2\/comments?post=2361"}],"version-history":[{"count":3,"href":"https:\/\/mpsychologue.com\/index.php\/wp-json\/wp\/v2\/pages\/2361\/revisions"}],"predecessor-version":[{"id":2383,"href":"https:\/\/mpsychologue.com\/index.php\/wp-json\/wp\/v2\/pages\/2361\/revisions\/2383"}],"wp:attachment":[{"href":"https:\/\/mpsychologue.com\/index.php\/wp-json\/wp\/v2\/media?parent=2361"}],"curies":[{"name":"wp","href":"https:\/\/api.w.org\/{rel}","templated":true}]}}